{"id":16419,"date":"2025-11-14T16:48:53","date_gmt":"2025-11-14T16:48:53","guid":{"rendered":"https:\/\/liscont-contentores.com\/?post_type=product&#038;p=16419"},"modified":"2025-11-14T16:48:53","modified_gmt":"2025-11-14T16:48:53","slug":"conteiner-de-barra-removivel-xl-3-x-2-metros-white-ral-9016","status":"publish","type":"product","link":"https:\/\/liscont-contentores.com\/index.php\/produto\/conteiner-de-barra-removivel-xl-3-x-2-metros-white-ral-9016\/","title":{"rendered":"Cont\u00eainer de barra remov\u00edvel XL 3 \u00d7 2 metros White RAL 9016"},"content":{"rendered":"<p>Ideal para empreendedorismo e\/ou entretenimento<\/p>\n<p>O recipiente de barra dobr\u00e1vel branco mede aproximadamente 3 \u00d7 2 metros e possui um toldo dobr\u00e1vel, as dimens\u00f5es s\u00e3o quase as mesmas que as de um recipiente dobr\u00e1vel de 10 p\u00e9s. \u00c9 ideal para as pessoas que esperam secar e d\u00e1 ao recipiente a apar\u00eancia de uma barra real. O toldo tamb\u00e9m pode ser bloqueado, para que o cont\u00eainer de barra possa ficar com os neg\u00f3cios dentro de total seguran\u00e7a. Al\u00e9m disso, h\u00e1 uma porta dupla no lado pequeno que permite trazer objetos volumosos como um barril de cerveja. \u00c9, portanto, a solu\u00e7\u00e3o ideal para oferecer um bar durante os eventos. Um recipiente de barra simples, mas s\u00f3lido, em uma cor elegante e limpa, como branco, Ral 9016.<\/p>\n<p>Um cont\u00eainer vers\u00e1til e eficiente<\/p>\n<p>O recipiente de barra pode ser usado para muitos prop\u00f3sitos. Assim, voc\u00ea pode us\u00e1 -lo em uma festa como um bar onde as pessoas podem vir buscar bebidas ou comida. O cont\u00eainer est\u00e1 pronto para uso, basta configur\u00e1 -lo e instalar seus produtos nele. F\u00e9 O evento conclu\u00eddo que o cont\u00eainer \u00e9 simples de desmontar gra\u00e7as aos pain\u00e9is remov\u00edveis que ele \u00e9 formado. Uma vez desmontado, o cont\u00eainer ocupa pouco espa\u00e7o. Obviamente, o cont\u00eainer tamb\u00e9m pode ser usado para outros fins. Voc\u00ea pode fazer o que quiser e sempre estaremos prontos para ajud\u00e1 -lo em suas escolhas. Portanto, n\u00e3o hesite em entrar em contato conosco, teremos o maior prazer em ajud\u00e1 -lo!<\/p>\n<p>Outra grande vantagem do recipiente de barras dobr\u00e1veis 3 \u00d7 2 \u00e9 que \u00e9 f\u00e1cil mover com uma empilhadeira gra\u00e7as \u00e0 manga para elevador, localizada na parte inferior do recipiente. Portanto, \u00e9 f\u00e1cil se mover sem a ajuda de muitas pessoas. O recipiente de bar tamb\u00e9m est\u00e1 dispon\u00edvel em todas as cores do RAL, como neste modelo em que o recipiente foi pintado no RAL 9016, que \u00e9 um tom de branco, ele trar\u00e1 seu recipiente de bar e dar\u00e1 estilo<\/p>\n<p>Isso permitir\u00e1 que voc\u00ea tenha um produto de qualidade a pre\u00e7os baixos!<\/p>\n<p>Voc\u00ea est\u00e1 interessado ou ainda tem d\u00favidas? N\u00e3o hesite em entrar em contato conosco, teremos o maior prazer em ajud\u00e1 -lo!<\/p>\n","protected":false},"excerpt":{"rendered":"<p>A maneira ideal de oferecer uma bebida aos clientes ou amigos. Um recipiente de barra dobr\u00e1vel simples, mas robusto, s\u00f3lido e dur\u00e1vel.<\/p>\n<p>Cont\u00eainer de barra auto-avaliado e remov\u00edvel<br \/>\nDimens\u00f5es externas (LXLXH): 2952 x 2290 x 2240 mm<br \/>\nDimens\u00f5es internas (LXLXH): 2795 x 2130 x 2100 mm<br \/>\nDimens\u00f5es da porta: (LXH): 1750 x 2050 mm<br \/>\nA cor do recipiente \u00e9 White Ral 9016<br \/>\nA tampa do cont\u00eainer \u00e9 protegida por dois bloqueios cil\u00edndricos em ambos os lados.<br \/>\nConstru\u00e7\u00e3o totalmente aut\u00f4noma, incluindo o piso.<\/p>\n","protected":false},"featured_media":16424,"comment_status":"open","ping_status":"closed","template":"","meta":[],"product_brand":[],"product_cat":[79],"product_tag":[],"class_list":{"0":"post-16419","1":"product","2":"type-product","3":"status-publish","4":"has-post-thumbnail","6":"product_cat-conteiner-de-barra","8":"first","9":"instock","10":"taxable","11":"shipping-taxable","12":"purchasable","13":"product-type-simple"},"jetpack_sharing_enabled":true,"_links":{"self":[{"href":"https:\/\/liscont-contentores.com\/index.php\/wp-json\/wp\/v2\/product\/16419","targetHints":{"allow":["GET"]}}],"collection":[{"href":"https:\/\/liscont-contentores.com\/index.php\/wp-json\/wp\/v2\/product"}],"about":[{"href":"https:\/\/liscont-contentores.com\/index.php\/wp-json\/wp\/v2\/types\/product"}],"replies":[{"embeddable":true,"href":"https:\/\/liscont-contentores.com\/index.php\/wp-json\/wp\/v2\/comments?post=16419"}],"version-history":[{"count":1,"href":"https:\/\/liscont-contentores.com\/index.php\/wp-json\/wp\/v2\/product\/16419\/revisions"}],"predecessor-version":[{"id":16426,"href":"https:\/\/liscont-contentores.com\/index.php\/wp-json\/wp\/v2\/product\/16419\/revisions\/16426"}],"wp:featuredmedia":[{"embeddable":true,"href":"https:\/\/liscont-contentores.com\/index.php\/wp-json\/wp\/v2\/media\/16424"}],"wp:attachment":[{"href":"https:\/\/liscont-contentores.com\/index.php\/wp-json\/wp\/v2\/media?parent=16419"}],"wp:term":[{"taxonomy":"product_brand","embeddable":true,"href":"https:\/\/liscont-contentores.com\/index.php\/wp-json\/wp\/v2\/product_brand?post=16419"},{"taxonomy":"product_cat","embeddable":true,"href":"https:\/\/liscont-contentores.com\/index.php\/wp-json\/wp\/v2\/product_cat?post=16419"},{"taxonomy":"product_tag","embeddable":true,"href":"https:\/\/liscont-contentores.com\/index.php\/wp-json\/wp\/v2\/product_tag?post=16419"}],"curies":[{"name":"wp","href":"https:\/\/api.w.org\/{rel}","templated":true}]}}