{"id":16435,"date":"2025-11-14T16:56:47","date_gmt":"2025-11-14T16:56:47","guid":{"rendered":"https:\/\/liscont-contentores.com\/?post_type=product&#038;p=16435"},"modified":"2025-11-14T16:56:47","modified_gmt":"2025-11-14T16:56:47","slug":"conteiner-de-barra-removivel-xl-4-x-3-metros-white-ral-9016","status":"publish","type":"product","link":"https:\/\/liscont-contentores.com\/index.php\/produto\/conteiner-de-barra-removivel-xl-4-x-3-metros-white-ral-9016\/","title":{"rendered":"Cont\u00eainer de barra remov\u00edvel XL 4 \u00d7 3 metros White RAL 9016"},"content":{"rendered":"<p>Cont\u00eainer de barra para venda projetada para ambi\u00e7\u00f5es maiores<\/p>\n<p>Temos recipientes de todos os tipos de venda, incluindo recipientes extras grandes! Este cont\u00eainer XL possui todas as caracter\u00edsticas de seu irm\u00e3o (recipiente de barras dobr\u00e1veis de 4 \u00d7 3 metros), mas possui um espa\u00e7o adicional e largura adicional para a conveni\u00eancia do cliente.<\/p>\n<p>\u201cQue maneira melhor de ter uma boa noite do que em seu pr\u00f3prio bar.\u201d<\/p>\n<p>Caracter\u00edsticas do recipiente dobr\u00e1vel de 4 \u00d7 3 metros xl<\/p>\n<p>O contador de barras est\u00e1 equipado com um toldo dobr\u00e1vel e portas duplas dispon\u00edveis no lado longo e no lado curto. As dimens\u00f5es s\u00e3o semelhantes \u00e0s de um recipiente remov\u00edvel de 16 p\u00e9s, mas a largura e o comprimento s\u00e3o meio metros mais altos.<\/p>\n<p>O dossel deste cont\u00eainer \u00e9 super s\u00f3lido e cont\u00e9m um sistema hidr\u00e1ulico. Este sistema possibilita elevar e fechar a lona com seguran\u00e7a. Al\u00e9m disso, a porta dupla do cont\u00eainer permite que voc\u00ea coloque itens grandes, como barris de cerveja, freezers, mesas etc. \u00c9, portanto, a maneira ideal de oferecer uma bebida ou um lanche para clientes ou amigos.<\/p>\n<p>Vantagens de um recipiente de barra remov\u00edvel<\/p>\n<p>O cont\u00eainer de bar trar\u00e1 vantagens, como o local ideal para se divertir ou um local onde voc\u00ea pode desenvolver uma atividade comercial. Se seus entes queridos vierem \u00e0 sua casa, com o cont\u00eainer XL, voc\u00ea pode cativar a aten\u00e7\u00e3o deles e desenvolver um ambiente mais confort\u00e1vel e inovador. As outras vantagens deste produto s\u00e3o as seguintes:<\/p>\n<p>Sua sustentabilidade<\/p>\n<p>Temos cont\u00eaineres \u00e0 venda aos melhores pre\u00e7os do mercado sem reduzir a qualidade. Dessa forma, seu cont\u00eainer \u00e9 ideal para todos os tipos de usos. Nossos m\u00f3dulos s\u00e3o feitos com o melhor a\u00e7o, o que os torna muito resistentes.<\/p>\n<p>Sua adaptabilidade<\/p>\n<p>Nosso cont\u00eainer XL foi projetado para ser facilmente desmontado para um transporte mais r\u00e1pido.\u00a0 Se voc\u00ea n\u00e3o deseja desmont\u00e1 -lo, poder\u00e1 mov\u00ea -lo facilmente usando uma empilhadeira gra\u00e7as aos slots localizados em sua base. N\u00e3o \u00e9 necess\u00e1rio guindaste, o que torna o cont\u00eainer vers\u00e1til e eficaz.<\/p>\n<p>O cont\u00eainer XL tamb\u00e9m \u00e9 modular!<\/p>\n<p>Quando voc\u00ea tem grandes cont\u00eaineres \u00e0 venda, tamb\u00e9m deve fornecer toda a flexibilidade e versatilidade dispon\u00edveis para outros cont\u00eaineres. Os kits de prateleiras, os kits de conex\u00e3o e a prote\u00e7\u00e3o contra roubo s\u00e3o totalmente compat\u00edveis com este produto.<\/p>\n","protected":false},"excerpt":{"rendered":"<p>O cont\u00eainer de bar \u00e9 uma maneira segura de entrar na aventura gra\u00e7as ao seu design r\u00e1pido de montagem.<\/p>\n<p>Cont\u00eainer de barra desativado para bricolage<br \/>\nDimens\u00f5es externas (LXLXH): 4582.3 x 2949,9 x 2238,4 mm<br \/>\nDimens\u00f5es internas (LXLXH): 4419,7 x 2789 x 2230 mm<br \/>\nDimens\u00f5es portas (LXH): 1750 x 2050 mm<br \/>\nDispon\u00edvel em todas as cores RAL<br \/>\nO telhado do recipiente \u00e9 preso por dois bloqueios de cilindros em ambos os lados<br \/>\nConstru\u00e7\u00e3o totalmente aut\u00f4noma, incluindo o piso<\/p>\n","protected":false},"featured_media":16430,"comment_status":"open","ping_status":"closed","template":"","meta":[],"product_brand":[],"product_cat":[79],"product_tag":[],"class_list":{"0":"post-16435","1":"product","2":"type-product","3":"status-publish","4":"has-post-thumbnail","6":"product_cat-conteiner-de-barra","8":"first","9":"instock","10":"taxable","11":"shipping-taxable","12":"purchasable","13":"product-type-simple"},"jetpack_sharing_enabled":true,"_links":{"self":[{"href":"https:\/\/liscont-contentores.com\/index.php\/wp-json\/wp\/v2\/product\/16435","targetHints":{"allow":["GET"]}}],"collection":[{"href":"https:\/\/liscont-contentores.com\/index.php\/wp-json\/wp\/v2\/product"}],"about":[{"href":"https:\/\/liscont-contentores.com\/index.php\/wp-json\/wp\/v2\/types\/product"}],"replies":[{"embeddable":true,"href":"https:\/\/liscont-contentores.com\/index.php\/wp-json\/wp\/v2\/comments?post=16435"}],"version-history":[{"count":1,"href":"https:\/\/liscont-contentores.com\/index.php\/wp-json\/wp\/v2\/product\/16435\/revisions"}],"predecessor-version":[{"id":16437,"href":"https:\/\/liscont-contentores.com\/index.php\/wp-json\/wp\/v2\/product\/16435\/revisions\/16437"}],"wp:featuredmedia":[{"embeddable":true,"href":"https:\/\/liscont-contentores.com\/index.php\/wp-json\/wp\/v2\/media\/16430"}],"wp:attachment":[{"href":"https:\/\/liscont-contentores.com\/index.php\/wp-json\/wp\/v2\/media?parent=16435"}],"wp:term":[{"taxonomy":"product_brand","embeddable":true,"href":"https:\/\/liscont-contentores.com\/index.php\/wp-json\/wp\/v2\/product_brand?post=16435"},{"taxonomy":"product_cat","embeddable":true,"href":"https:\/\/liscont-contentores.com\/index.php\/wp-json\/wp\/v2\/product_cat?post=16435"},{"taxonomy":"product_tag","embeddable":true,"href":"https:\/\/liscont-contentores.com\/index.php\/wp-json\/wp\/v2\/product_tag?post=16435"}],"curies":[{"name":"wp","href":"https:\/\/api.w.org\/{rel}","templated":true}]}}