{"id":16625,"date":"2025-11-15T20:08:42","date_gmt":"2025-11-15T20:08:42","guid":{"rendered":"https:\/\/liscont-contentores.com\/?post_type=product&#038;p=16625"},"modified":"2025-11-15T20:08:43","modified_gmt":"2025-11-15T20:08:43","slug":"modulo-amplo-3-m","status":"publish","type":"product","link":"https:\/\/liscont-contentores.com\/index.php\/produto\/modulo-amplo-3-m\/","title":{"rendered":"M\u00f3dulo amplo \u2013 3 m"},"content":{"rendered":"<ul class=\"characteristic__list actions__container is-revealed\">\n<li class=\"characteristic__term\">Altura (m)2,86<\/li>\n<li class=\"characteristic__term\">Comprimento (m)3,00<\/li>\n<li class=\"characteristic__term\">Largura (m)2,44<\/li>\n<li class=\"characteristic__term\">P\u00e9 direito (m)2,46<\/li>\n<li class=\"characteristic__term\">\u00c1rea (m\u00b2)7,32<\/li>\n<\/ul>\n","protected":false},"excerpt":{"rendered":"<div class=\"product__description-benefits__left \">\n<div class=\"product__description\">\n<p>O aluguer do m\u00f3dulo amplo \u2013 3 m da Vendap, consiste na solu\u00e7\u00e3o indicada para escrit\u00f3rio, para estruturas de apoio a obras e estaleiros, para gabinete de apoio ou para pequeno armaz\u00e9m, por exemplo. Este contentor escrit\u00f3rio apresenta, ent\u00e3o, uma \u00e1rea total de 7,32 m\u00b2.<\/p>\n<\/div>\n<\/div>\n<div class=\"product__description-benefits__right img-default\"><picture><source srcset=\"https:\/\/www.vendap.pt\/content\/uploads\/sites\/14\/cache\/2024\/02\/mocb-mcab-3ma-ph-01\/169040207.png, https:\/\/www.vendap.pt\/content\/uploads\/sites\/14\/cache\/2024\/02\/mocb-mcab-3ma-ph-01\/4067127946.png 2x\" data-srcset=\"https:\/\/www.vendap.pt\/content\/uploads\/sites\/14\/cache\/2024\/02\/mocb-mcab-3ma-ph-01\/169040207.png, https:\/\/www.vendap.pt\/content\/uploads\/sites\/14\/cache\/2024\/02\/mocb-mcab-3ma-ph-01\/4067127946.png 2x\" \/><\/picture><\/div>\n","protected":false},"featured_media":16626,"comment_status":"open","ping_status":"closed","template":"","meta":[],"product_brand":[],"product_cat":[82],"product_tag":[],"class_list":{"0":"post-16625","1":"product","2":"type-product","3":"status-publish","4":"has-post-thumbnail","6":"product_cat-conteiner-de-escritorio","8":"first","9":"instock","10":"taxable","11":"shipping-taxable","12":"purchasable","13":"product-type-simple"},"jetpack_sharing_enabled":true,"_links":{"self":[{"href":"https:\/\/liscont-contentores.com\/index.php\/wp-json\/wp\/v2\/product\/16625","targetHints":{"allow":["GET"]}}],"collection":[{"href":"https:\/\/liscont-contentores.com\/index.php\/wp-json\/wp\/v2\/product"}],"about":[{"href":"https:\/\/liscont-contentores.com\/index.php\/wp-json\/wp\/v2\/types\/product"}],"replies":[{"embeddable":true,"href":"https:\/\/liscont-contentores.com\/index.php\/wp-json\/wp\/v2\/comments?post=16625"}],"version-history":[{"count":1,"href":"https:\/\/liscont-contentores.com\/index.php\/wp-json\/wp\/v2\/product\/16625\/revisions"}],"predecessor-version":[{"id":16627,"href":"https:\/\/liscont-contentores.com\/index.php\/wp-json\/wp\/v2\/product\/16625\/revisions\/16627"}],"wp:featuredmedia":[{"embeddable":true,"href":"https:\/\/liscont-contentores.com\/index.php\/wp-json\/wp\/v2\/media\/16626"}],"wp:attachment":[{"href":"https:\/\/liscont-contentores.com\/index.php\/wp-json\/wp\/v2\/media?parent=16625"}],"wp:term":[{"taxonomy":"product_brand","embeddable":true,"href":"https:\/\/liscont-contentores.com\/index.php\/wp-json\/wp\/v2\/product_brand?post=16625"},{"taxonomy":"product_cat","embeddable":true,"href":"https:\/\/liscont-contentores.com\/index.php\/wp-json\/wp\/v2\/product_cat?post=16625"},{"taxonomy":"product_tag","embeddable":true,"href":"https:\/\/liscont-contentores.com\/index.php\/wp-json\/wp\/v2\/product_tag?post=16625"}],"curies":[{"name":"wp","href":"https:\/\/api.w.org\/{rel}","templated":true}]}}